{"id":30,"date":"2025-11-04T08:59:41","date_gmt":"2025-11-04T08:59:41","guid":{"rendered":"https:\/\/animal-cognition.philosophy-cognition.com\/?page_id=30"},"modified":"2026-02-04T14:50:06","modified_gmt":"2026-02-04T14:50:06","slug":"speakers","status":"publish","type":"page","link":"https:\/\/animal-cognition.philosophy-cognition.com\/?page_id=30","title":{"rendered":"Speakers"},"content":{"rendered":"<p>[et_pb_section fb_built=&#8221;1&#8243; _builder_version=&#8221;4.27.4&#8243; _module_preset=&#8221;default&#8221; global_colors_info=&#8221;{}&#8221;][et_pb_row _builder_version=&#8221;4.27.4&#8243; _module_preset=&#8221;default&#8221; global_colors_info=&#8221;{}&#8221;][et_pb_column type=&#8221;4_4&#8243; _builder_version=&#8221;4.27.4&#8243; _module_preset=&#8221;default&#8221; global_colors_info=&#8221;{}&#8221;][et_pb_heading title=&#8221;Speakers&#8221; _builder_version=&#8221;4.27.4&#8243; _module_preset=&#8221;default&#8221; global_colors_info=&#8221;{}&#8221;][\/et_pb_heading][\/et_pb_column][\/et_pb_row][et_pb_row column_structure=&#8221;1_4,1_4,1_4,1_4&#8243; _builder_version=&#8221;4.27.4&#8243; _module_preset=&#8221;default&#8221; global_colors_info=&#8221;{}&#8221;][et_pb_column type=&#8221;1_4&#8243; _builder_version=&#8221;4.27.4&#8243; _module_preset=&#8221;default&#8221; global_colors_info=&#8221;{}&#8221;][et_pb_team_member name=&#8221;Colin Allen &#8221; image_url=&#8221;https:\/\/animal-cognition.philosophy-cognition.com\/wp-content\/uploads\/2025\/11\/allen.png-300&#215;300.jpeg&#8221; _builder_version=&#8221;4.27.4&#8243; _module_preset=&#8221;default&#8221; global_colors_info=&#8221;{}&#8221;]<\/p>\n<p>Santa Barbara University<\/p>\n<p>Philosophy of Mind, Cognitive Science, Philosophy of Biology<\/p>\n<p><a href=\"https:\/\/www.philosophy.ucsb.edu\/people\/allen-colin\">Website<\/a><\/p>\n<p>[\/et_pb_team_member][\/et_pb_column][et_pb_column type=&#8221;1_4&#8243; _builder_version=&#8221;4.27.4&#8243; _module_preset=&#8221;default&#8221; global_colors_info=&#8221;{}&#8221;][et_pb_team_member name=&#8221;Kristin Andrews&#8221; image_url=&#8221;https:\/\/animal-cognition.philosophy-cognition.com\/wp-content\/uploads\/2025\/11\/kristin-andrews-480&#215;480-1-300&#215;300.jpg&#8221; _builder_version=&#8221;4.27.4&#8243; _module_preset=&#8221;default&#8221; custom_padding=&#8221;0px|||||&#8221; global_colors_info=&#8221;{}&#8221;]<\/p>\n<p>CUNY<\/p>\n<p>Philosophy of Animal Minds, Philosophy of Psychology<\/p>\n<p><a href=\"https:\/\/www.gc.cuny.edu\/people\/kristin-andrews\">Website<\/a><\/p>\n<p>[\/et_pb_team_member][\/et_pb_column][et_pb_column type=&#8221;1_4&#8243; _builder_version=&#8221;4.27.4&#8243; _module_preset=&#8221;default&#8221; global_colors_info=&#8221;{}&#8221;][et_pb_team_member name=&#8221;Jonathan Birch&#8221; image_url=&#8221;https:\/\/animal-cognition.philosophy-cognition.com\/wp-content\/uploads\/2025\/11\/jonathan-birch-300&#215;300.jpg&#8221; _builder_version=&#8221;4.27.4&#8243; _module_preset=&#8221;default&#8221; custom_padding=&#8221;0px|||||&#8221; global_colors_info=&#8221;{}&#8221;]<\/p>\n<p>London School of Economics and Political Science<\/p>\n<p>Jeremy Coller Centre for Animal Sentience<\/p>\n<p><a href=\"https:\/\/www.lse.ac.uk\/people\/jonathan-birch\">Website<\/a><\/p>\n<p>[\/et_pb_team_member][\/et_pb_column][et_pb_column type=&#8221;1_4&#8243; _builder_version=&#8221;4.27.4&#8243; _module_preset=&#8221;default&#8221; global_colors_info=&#8221;{}&#8221;][et_pb_team_member name=&#8221;Tomer J. Czaczkes&#8221; image_url=&#8221;https:\/\/animal-cognition.philosophy-cognition.com\/wp-content\/uploads\/2025\/11\/Tomer-Czazkes-300&#215;300.jpg&#8221; _builder_version=&#8221;4.27.4&#8243; _module_preset=&#8221;default&#8221; global_colors_info=&#8221;{}&#8221;]<\/p>\n<p>Free University Berlin<\/p>\n<p>Chemistry, Biology, Pharmaceutics<\/p>\n<p><a href=\"https:\/\/www.animal-economics.com\/tjczaczkes\">Website<\/a><\/p>\n<p>[\/et_pb_team_member][\/et_pb_column][\/et_pb_row][et_pb_row column_structure=&#8221;1_4,1_4,1_4,1_4&#8243; _builder_version=&#8221;4.27.4&#8243; _module_preset=&#8221;default&#8221; global_colors_info=&#8221;{}&#8221;][et_pb_column type=&#8221;1_4&#8243; _builder_version=&#8221;4.27.4&#8243; _module_preset=&#8221;default&#8221; global_colors_info=&#8221;{}&#8221;][et_pb_team_member name=&#8221;Rebecca Dreier&#8221; image_url=&#8221;https:\/\/animal-cognition.philosophy-cognition.com\/wp-content\/uploads\/2025\/11\/rebecca-dreier-200&#215;200.x472468b3-300&#215;300.jpg&#8221; _builder_version=&#8221;4.27.4&#8243; _module_preset=&#8221;default&#8221; custom_padding=&#8221;0px|||||&#8221; global_colors_info=&#8221;{}&#8221;]<\/p>\n<p>London School of Economics and Political Science<\/p>\n<p>Department of Philosophy, Logic and Scientific Method &#8211; episodic memory in nonhuman species<\/p>\n<p><a href=\"https:\/\/www.lse.ac.uk\/people\/rebecca-dreier\">Website<\/a><\/p>\n<p>[\/et_pb_team_member][\/et_pb_column][et_pb_column type=&#8221;1_4&#8243; _builder_version=&#8221;4.27.4&#8243; _module_preset=&#8221;default&#8221; global_colors_info=&#8221;{}&#8221;][et_pb_team_member name=&#8221;Leonard Dung&#8221; image_url=&#8221;https:\/\/animal-cognition.philosophy-cognition.com\/wp-content\/uploads\/2025\/11\/leonard-dung-300&#215;300.jpeg&#8221; _builder_version=&#8221;4.27.4&#8243; _module_preset=&#8221;default&#8221; custom_padding=&#8221;0px|||||&#8221; global_colors_info=&#8221;{}&#8221;]<\/p>\n<p>Ruhr University Bochum<\/p>\n<p>AI sentience, animal consciousness and welfare<\/p>\n<p><a href=\"https:\/\/philpeople.org\/profiles\/leonard-dung\">Website<\/a><\/p>\n<p>[\/et_pb_team_member][\/et_pb_column][et_pb_column type=&#8221;1_4&#8243; _builder_version=&#8221;4.27.4&#8243; _module_preset=&#8221;default&#8221; global_colors_info=&#8221;{}&#8221;][et_pb_team_member name=&#8221;Onur G\u00fcnt\u00fcrk\u00fcn&#8221; image_url=&#8221;https:\/\/animal-cognition.philosophy-cognition.com\/wp-content\/uploads\/2025\/11\/Member-Onur-Gunturkun-300&#215;300.jpg&#8221; _builder_version=&#8221;4.27.4&#8243; _module_preset=&#8221;default&#8221; custom_padding=&#8221;0px|||||&#8221; global_colors_info=&#8221;{}&#8221;]<\/p>\n<p>Ruhr University Bochum<\/p>\n<p>Faculty of Psychology<br \/>Biopsychology<\/p>\n<p><a href=\"http:\/\/www.bio.psy.ruhr-uni-bochum.de\/members_onur.html\">Website<\/a><\/p>\n<p>[\/et_pb_team_member][\/et_pb_column][et_pb_column type=&#8221;1_4&#8243; _builder_version=&#8221;4.27.4&#8243; _module_preset=&#8221;default&#8221; global_colors_info=&#8221;{}&#8221;][et_pb_team_member name=&#8221;Albert Newen&#8221; image_url=&#8221;https:\/\/animal-cognition.philosophy-cognition.com\/wp-content\/uploads\/2025\/11\/Member-Albert-Newen-300&#215;300.jpg&#8221; _builder_version=&#8221;4.27.4&#8243; _module_preset=&#8221;default&#8221; custom_padding=&#8221;0px|||||&#8221; global_colors_info=&#8221;{}&#8221;]<\/p>\n<p>Ruhr University Bochum<\/p>\n<p>Philosophy of Mind<\/p>\n<p><a href=\"https:\/\/www.pe.ruhr-uni-bochum.de\/philosophie\/ii\/newen\/index.html.de\">Website<\/a><\/p>\n<p>[\/et_pb_team_member][\/et_pb_column][\/et_pb_row][et_pb_row column_structure=&#8221;1_4,1_4,1_4,1_4&#8243; _builder_version=&#8221;4.27.4&#8243; _module_preset=&#8221;default&#8221; global_colors_info=&#8221;{}&#8221;][et_pb_column type=&#8221;1_4&#8243; _builder_version=&#8221;4.27.4&#8243; _module_preset=&#8221;default&#8221; global_colors_info=&#8221;{}&#8221;][et_pb_team_member name=&#8221;Simone Pika&#8221; image_url=&#8221;https:\/\/animal-cognition.philosophy-cognition.com\/wp-content\/uploads\/2025\/11\/Simone-Pika-300&#215;300.jpg&#8221; _builder_version=&#8221;4.27.4&#8243; _module_preset=&#8221;default&#8221; global_colors_info=&#8221;{}&#8221;]<\/p>\n<p>University Osnabr\u00fcck<\/p>\n<p><span itemscope=\"\" itemtype=\"http:\/\/schema.org\/Person\">Center of Early Childhood Development and Education Research<\/span><\/p>\n<p><a href=\"https:\/\/fis.uni-osnabrueck.de\/vivouos\/display\/PiSi817\">Website<\/a><\/p>\n<p>[\/et_pb_team_member][\/et_pb_column][et_pb_column type=&#8221;1_4&#8243; _builder_version=&#8221;4.27.4&#8243; _module_preset=&#8221;default&#8221; global_colors_info=&#8221;{}&#8221;][et_pb_team_member name=&#8221;Jonas Rose&#8221; image_url=&#8221;https:\/\/animal-cognition.philosophy-cognition.com\/wp-content\/uploads\/2026\/02\/jonas-rose.jpg&#8221; _builder_version=&#8221;4.27.4&#8243; _module_preset=&#8221;default&#8221; custom_padding=&#8221;0px|||||&#8221; hover_enabled=&#8221;0&#8243; global_colors_info=&#8221;{}&#8221; title_text=&#8221;jonas rose&#8221; sticky_enabled=&#8221;0&#8243;]<\/p>\n<p>Ruhr University Bochum<\/p>\n<p>Neural Basis of Learning<\/p>\n<p><a href=\"https:\/\/www.neuro.ruhr-uni-bochum.de\/rdn\/personen\/Jonas_Rose.html.de\">Website<\/a><\/p>\n<p>[\/et_pb_team_member][\/et_pb_column][et_pb_column type=&#8221;1_4&#8243; _builder_version=&#8221;4.27.4&#8243; _module_preset=&#8221;default&#8221; global_colors_info=&#8221;{}&#8221;][et_pb_team_member name=&#8221;Sanja Sre\u0107kovi\u0107&#8221; image_url=&#8221;https:\/\/animal-cognition.philosophy-cognition.com\/wp-content\/uploads\/2025\/11\/Fellow-Sanja-Sreckovic-300&#215;300.jpg&#8221; _builder_version=&#8221;4.27.4&#8243; _module_preset=&#8221;default&#8221; custom_padding=&#8221;0px|||||&#8221; global_colors_info=&#8221;{}&#8221;]<\/p>\n<p>Ruhr University Bochum<\/p>\n<p>Philosophy of Mind \/ Animal Cognition<\/p>\n<p><a href=\"https:\/\/philpeople.org\/profiles\/sanja-sreckovic\">Website<\/a><\/p>\n<p>[\/et_pb_team_member][\/et_pb_column][et_pb_column type=&#8221;1_4&#8243; _builder_version=&#8221;4.27.4&#8243; _module_preset=&#8221;default&#8221; global_colors_info=&#8221;{}&#8221;][et_pb_team_member name=&#8221;Daria Zakharova&#8221; image_url=&#8221;https:\/\/animal-cognition.philosophy-cognition.com\/wp-content\/uploads\/2025\/11\/daria-zakharova-200&#215;200.x7e9b0526-300&#215;300.jpg&#8221; _builder_version=&#8221;4.27.4&#8243; _module_preset=&#8221;default&#8221; custom_padding=&#8221;0px|||||&#8221; global_colors_info=&#8221;{}&#8221;]<\/p>\n<p>London School of Economics and Political Science<\/p>\n<p>Department of Philosophy, Logic and Scientific Method &#8211; artificial and non-human animal minds<\/p>\n<p><a href=\"https:\/\/www.lse.ac.uk\/people\/daria-zakharova\">Website<\/a><\/p>\n<p>[\/et_pb_team_member][\/et_pb_column][\/et_pb_row][\/et_pb_section]<\/p>\n","protected":false},"excerpt":{"rendered":"<p>Santa Barbara University Philosophy of Mind, Cognitive Science, Philosophy of Biology WebsiteCUNY Philosophy of Animal Minds, Philosophy of Psychology WebsiteLondon School of Economics and Political Science Jeremy Coller Centre for Animal Sentience WebsiteFree University Berlin Chemistry, Biology, Pharmaceutics WebsiteLondon School of Economics and Political Science Department of Philosophy, Logic and Scientific Method &#8211; episodic memory [&hellip;]<\/p>\n","protected":false},"author":1,"featured_media":0,"parent":0,"menu_order":0,"comment_status":"closed","ping_status":"closed","template":"","meta":{"_et_pb_use_builder":"on","_et_pb_old_content":"","_et_gb_content_width":"","footnotes":""},"class_list":["post-30","page","type-page","status-publish","hentry"],"_links":{"self":[{"href":"https:\/\/animal-cognition.philosophy-cognition.com\/index.php?rest_route=\/wp\/v2\/pages\/30","targetHints":{"allow":["GET"]}}],"collection":[{"href":"https:\/\/animal-cognition.philosophy-cognition.com\/index.php?rest_route=\/wp\/v2\/pages"}],"about":[{"href":"https:\/\/animal-cognition.philosophy-cognition.com\/index.php?rest_route=\/wp\/v2\/types\/page"}],"author":[{"embeddable":true,"href":"https:\/\/animal-cognition.philosophy-cognition.com\/index.php?rest_route=\/wp\/v2\/users\/1"}],"replies":[{"embeddable":true,"href":"https:\/\/animal-cognition.philosophy-cognition.com\/index.php?rest_route=%2Fwp%2Fv2%2Fcomments&post=30"}],"version-history":[{"count":13,"href":"https:\/\/animal-cognition.philosophy-cognition.com\/index.php?rest_route=\/wp\/v2\/pages\/30\/revisions"}],"predecessor-version":[{"id":201,"href":"https:\/\/animal-cognition.philosophy-cognition.com\/index.php?rest_route=\/wp\/v2\/pages\/30\/revisions\/201"}],"wp:attachment":[{"href":"https:\/\/animal-cognition.philosophy-cognition.com\/index.php?rest_route=%2Fwp%2Fv2%2Fmedia&parent=30"}],"curies":[{"name":"wp","href":"https:\/\/api.w.org\/{rel}","templated":true}]}}